{"id":73,"date":"2024-11-23T23:12:05","date_gmt":"2024-11-23T23:12:05","guid":{"rendered":"https:\/\/chiapas420.com\/?page_id=73"},"modified":"2024-11-23T23:13:19","modified_gmt":"2024-11-23T23:13:19","slug":"73-2buy-weed-from-san-diego-everywhere-in-the-usa-www-sandiegocream-com-san-diego-anonymous-weed-shop-bitcoin","status":"publish","type":"page","link":"https:\/\/chiapas420.com\/index.php\/73-2buy-weed-from-san-diego-everywhere-in-the-usa-www-sandiegocream-com-san-diego-anonymous-weed-shop-bitcoin\/","title":{"rendered":"USA Service \u2013 USPS mail deliverys all over the US (New)"},"content":{"rendered":"<header class=\"entry-header\">\n<h1 class=\"entry-title\">USA Service \u2013 USPS mail deliverys all over the US (New)<\/h1>\n<\/header>\n<div class=\"entry-content\">\n<p>08-08-2024 11:39 am.<\/p>\n<p><img loading=\"lazy\" decoding=\"async\" class=\"alignnone size-medium\" src=\"https:\/\/sandiegocream.com\/wp-content\/uploads\/2024\/08\/cropped-cropped-cropped-Screen-Shot-2022-04-20-at-14.51.29-1-1-300x300.png\" width=\"300\" height=\"300\" \/><\/p>\n<hr \/>\n<p>EN: Important read:<\/p>\n<p>Fam, we work with\u00a0<a href=\"http:\/\/www.sandiegocream.com\/\">http:\/\/www.sandiegocream.com<\/a>\u00a0(You can find the menu in the website)<\/p>\n<p>Its a crew from San Diego, California. Who send everywhere safely, from SD by USPS, everywhere in the U.S, we recieve a small fee, of every order you do with S.D.C Crew.<\/p>\n<p>For any contact with SDC:<\/p>\n<p>+527226024123 \u2013\u00a0 Text &amp; whatsapp\u00a0 \u2013 We use mexican number, not US for safety.<\/p>\n<p><strong>email: sdgreen6190@gmail.com<\/strong><\/p>\n<hr \/>\n<p>Espa\u00f1ol: Importante leer:<\/p>\n<p>Familia. estamos trabajando con http:\/\/www.sandiegocream.com (puedes encontrar el menu en el website)<\/p>\n<p>Es un crew de San Diego, California, envian a cualquier parte de US, desde San Diego, por USPS, nosotros recibimos una peque\u00f1a comision de cualquier pedido que hagas a traves de S.D.C Crew,<\/p>\n<p>&nbsp;<\/p>\n<p>Para cualquier contacto a SDC:<\/p>\n<p>+527226024123 \u2013\u00a0 Text &amp; whatsapp\u00a0 \u2013 We use mexican number, not US for safety.<\/p>\n<p><strong>email: sdgreen6190@gmail.com<\/strong><\/p>\n<\/div>\n","protected":false},"excerpt":{"rendered":"<p>USA Service \u2013 USPS mail deliverys all over the US (New) 08-08-2024 11:39 am. EN: Important read: Fam, we work with\u00a0http:\/\/www.sandiegocream.com\u00a0(You can find the menu in the website) Its a crew from San Diego, California. Who send everywhere safely, from SD by USPS, everywhere in the U.S, we recieve a small fee, of every order [&hellip;]<\/p>\n","protected":false},"author":1,"featured_media":0,"parent":0,"menu_order":0,"comment_status":"closed","ping_status":"closed","template":"","meta":{"footnotes":""},"class_list":["post-73","page","type-page","status-publish","hentry"],"yoast_head":"<!-- This site is optimized with the Yoast SEO plugin v27.5 - https:\/\/yoast.com\/product\/yoast-seo-wordpress\/ -->\n<title>USA Service \u2013 USPS mail deliverys all over the US (New) - Comprar Mota Marihuana Chiapas Tuxtla Gutierrez - 420 Chiapas - Edibles, Brownies, Galletas - 00528135669557 \u2013 Eva Whatsapp - Buy weed in Chiapas - Envios 48 horas desde Monterrey -<\/title>\n<meta name=\"description\" content=\"Buy weed from San Diego everywhere in the usa www.sandiegocream.com san diego anonymous weed shop bitcoin\" \/>\n<meta name=\"robots\" content=\"index, follow, max-snippet:-1, max-image-preview:large, max-video-preview:-1\" \/>\n<link rel=\"canonical\" href=\"https:\/\/chiapas420.com\/index.php\/73-2buy-weed-from-san-diego-everywhere-in-the-usa-www-sandiegocream-com-san-diego-anonymous-weed-shop-bitcoin\/\" \/>\n<meta property=\"og:locale\" content=\"es_ES\" \/>\n<meta property=\"og:type\" content=\"article\" \/>\n<meta property=\"og:title\" content=\"USA Service \u2013 USPS mail deliverys all over the US (New) - Comprar Mota Marihuana Chiapas Tuxtla Gutierrez - 420 Chiapas - Edibles, Brownies, Galletas - 00528135669557 \u2013 Eva Whatsapp - Buy weed in Chiapas - Envios 48 horas desde Monterrey -\" \/>\n<meta property=\"og:description\" content=\"Buy weed from San Diego everywhere in the usa www.sandiegocream.com san diego anonymous weed shop bitcoin\" \/>\n<meta property=\"og:url\" content=\"https:\/\/chiapas420.com\/index.php\/73-2buy-weed-from-san-diego-everywhere-in-the-usa-www-sandiegocream-com-san-diego-anonymous-weed-shop-bitcoin\/\" \/>\n<meta property=\"og:site_name\" content=\"Comprar Mota Marihuana Chiapas Tuxtla Gutierrez - 420 Chiapas - Edibles, Brownies, Galletas - 00528135669557 \u2013 Eva Whatsapp - Buy weed in Chiapas - Envios 48 horas desde Monterrey -\" \/>\n<meta property=\"article:modified_time\" content=\"2024-11-23T23:13:19+00:00\" \/>\n<meta property=\"og:image\" content=\"https:\/\/sandiegocream.com\/wp-content\/uploads\/2024\/08\/cropped-cropped-cropped-Screen-Shot-2022-04-20-at-14.51.29-1-1-300x300.png\" \/>\n<meta name=\"twitter:card\" content=\"summary_large_image\" \/>\n<meta name=\"twitter:label1\" content=\"Tiempo de lectura\" \/>\n\t<meta name=\"twitter:data1\" content=\"1 minuto\" \/>\n<script type=\"application\/ld+json\" class=\"yoast-schema-graph\">{\"@context\":\"https:\\\/\\\/schema.org\",\"@graph\":[{\"@type\":\"WebPage\",\"@id\":\"https:\\\/\\\/chiapas420.com\\\/index.php\\\/73-2buy-weed-from-san-diego-everywhere-in-the-usa-www-sandiegocream-com-san-diego-anonymous-weed-shop-bitcoin\\\/\",\"url\":\"https:\\\/\\\/chiapas420.com\\\/index.php\\\/73-2buy-weed-from-san-diego-everywhere-in-the-usa-www-sandiegocream-com-san-diego-anonymous-weed-shop-bitcoin\\\/\",\"name\":\"USA Service \u2013 USPS mail deliverys all over the US (New) - Comprar Mota Marihuana Chiapas Tuxtla Gutierrez - 420 Chiapas - Edibles, Brownies, Galletas - 00528135669557 \u2013 Eva Whatsapp - Buy weed in Chiapas - Envios 48 horas desde Monterrey -\",\"isPartOf\":{\"@id\":\"https:\\\/\\\/chiapas420.com\\\/#website\"},\"primaryImageOfPage\":{\"@id\":\"https:\\\/\\\/chiapas420.com\\\/index.php\\\/73-2buy-weed-from-san-diego-everywhere-in-the-usa-www-sandiegocream-com-san-diego-anonymous-weed-shop-bitcoin\\\/#primaryimage\"},\"image\":{\"@id\":\"https:\\\/\\\/chiapas420.com\\\/index.php\\\/73-2buy-weed-from-san-diego-everywhere-in-the-usa-www-sandiegocream-com-san-diego-anonymous-weed-shop-bitcoin\\\/#primaryimage\"},\"thumbnailUrl\":\"https:\\\/\\\/sandiegocream.com\\\/wp-content\\\/uploads\\\/2024\\\/08\\\/cropped-cropped-cropped-Screen-Shot-2022-04-20-at-14.51.29-1-1-300x300.png\",\"datePublished\":\"2024-11-23T23:12:05+00:00\",\"dateModified\":\"2024-11-23T23:13:19+00:00\",\"description\":\"Buy weed from San Diego everywhere in the usa www.sandiegocream.com san diego anonymous weed shop bitcoin\",\"breadcrumb\":{\"@id\":\"https:\\\/\\\/chiapas420.com\\\/index.php\\\/73-2buy-weed-from-san-diego-everywhere-in-the-usa-www-sandiegocream-com-san-diego-anonymous-weed-shop-bitcoin\\\/#breadcrumb\"},\"inLanguage\":\"es\",\"potentialAction\":[{\"@type\":\"ReadAction\",\"target\":[\"https:\\\/\\\/chiapas420.com\\\/index.php\\\/73-2buy-weed-from-san-diego-everywhere-in-the-usa-www-sandiegocream-com-san-diego-anonymous-weed-shop-bitcoin\\\/\"]}]},{\"@type\":\"ImageObject\",\"inLanguage\":\"es\",\"@id\":\"https:\\\/\\\/chiapas420.com\\\/index.php\\\/73-2buy-weed-from-san-diego-everywhere-in-the-usa-www-sandiegocream-com-san-diego-anonymous-weed-shop-bitcoin\\\/#primaryimage\",\"url\":\"https:\\\/\\\/sandiegocream.com\\\/wp-content\\\/uploads\\\/2024\\\/08\\\/cropped-cropped-cropped-Screen-Shot-2022-04-20-at-14.51.29-1-1-300x300.png\",\"contentUrl\":\"https:\\\/\\\/sandiegocream.com\\\/wp-content\\\/uploads\\\/2024\\\/08\\\/cropped-cropped-cropped-Screen-Shot-2022-04-20-at-14.51.29-1-1-300x300.png\"},{\"@type\":\"BreadcrumbList\",\"@id\":\"https:\\\/\\\/chiapas420.com\\\/index.php\\\/73-2buy-weed-from-san-diego-everywhere-in-the-usa-www-sandiegocream-com-san-diego-anonymous-weed-shop-bitcoin\\\/#breadcrumb\",\"itemListElement\":[{\"@type\":\"ListItem\",\"position\":1,\"name\":\"Portada\",\"item\":\"https:\\\/\\\/chiapas420.com\\\/\"},{\"@type\":\"ListItem\",\"position\":2,\"name\":\"USA Service \u2013 USPS mail deliverys all over the US (New)\"}]},{\"@type\":\"WebSite\",\"@id\":\"https:\\\/\\\/chiapas420.com\\\/#website\",\"url\":\"https:\\\/\\\/chiapas420.com\\\/\",\"name\":\"Comprar Mota Marihuana Chiapas Tuxtla Gutierrez - 420 Chiapas - Edibles, Brownies, Galletas - 00528135669557 \u2013 Eva Whatsapp\",\"description\":\"cannabis, mota, Chiapas, compra, legalidad, dispensarios, calidad, variedades, precio, cultivo, medicinal, recreativo, THC, CBD, usuarios, proveedores, entrega, normativa, consumo, informaci\u00f3n, comunidad, productos, accesorios, semillas, transformaci\u00f3n, cultura, bienestar, salud, productos org\u00e1nicos, responsabilidad, gu\u00eda, t\u00e9cnicas, beneficios, efectos, seguridad, legal, pol\u00edtica, informaci\u00f3n, locales, recomendaciones, formas de consumo, atenci\u00f3n al cliente, ambiente, experiencias, conexi\u00f3n, microdosis, concentrados, extractos, aceites, comestibles, vaporizadores, industria, mercado, sostenibilidad, investigaci\u00f3n, educaci\u00f3n, eventos, ferias, talleres, networking, negocios, emprendimiento, clientes, consumidores, testimonios, diversidad, opciones, demanda, supply, conexi\u00f3n social, reducci\u00f3n de da\u00f1os, estigmas, costumbres, tradici\u00f3n, auto-cultivo, precios, comercio, competitividad, comunidad cann\u00e1bica, iniciativas, propuestas, activismo, derechos, consumo responsable, regulaci\u00f3n, importaci\u00f3n, exportaci\u00f3n, oportunidades, tendencias, desarrollo.\",\"publisher\":{\"@id\":\"https:\\\/\\\/chiapas420.com\\\/#organization\"},\"potentialAction\":[{\"@type\":\"SearchAction\",\"target\":{\"@type\":\"EntryPoint\",\"urlTemplate\":\"https:\\\/\\\/chiapas420.com\\\/?s={search_term_string}\"},\"query-input\":{\"@type\":\"PropertyValueSpecification\",\"valueRequired\":true,\"valueName\":\"search_term_string\"}}],\"inLanguage\":\"es\"},{\"@type\":\"Organization\",\"@id\":\"https:\\\/\\\/chiapas420.com\\\/#organization\",\"name\":\"Comprar Mota Marihuana Chiapas Tuxtla Gutierrez - 420 Chiapas - Edibles, Brownies, Galletas - 00528135669557 \u2013 Eva Whatsapp\",\"url\":\"https:\\\/\\\/chiapas420.com\\\/\",\"logo\":{\"@type\":\"ImageObject\",\"inLanguage\":\"es\",\"@id\":\"https:\\\/\\\/chiapas420.com\\\/#\\\/schema\\\/logo\\\/image\\\/\",\"url\":\"https:\\\/\\\/chiapas420.com\\\/wp-content\\\/uploads\\\/2024\\\/10\\\/chiapas1.jpg\",\"contentUrl\":\"https:\\\/\\\/chiapas420.com\\\/wp-content\\\/uploads\\\/2024\\\/10\\\/chiapas1.jpg\",\"width\":276,\"height\":183,\"caption\":\"Comprar Mota Marihuana Chiapas Tuxtla Gutierrez - 420 Chiapas - Edibles, Brownies, Galletas - 00528135669557 \u2013 Eva Whatsapp\"},\"image\":{\"@id\":\"https:\\\/\\\/chiapas420.com\\\/#\\\/schema\\\/logo\\\/image\\\/\"}}]}<\/script>\n<!-- \/ Yoast SEO plugin. -->","yoast_head_json":{"title":"USA Service \u2013 USPS mail deliverys all over the US (New) - Comprar Mota Marihuana Chiapas Tuxtla Gutierrez - 420 Chiapas - Edibles, Brownies, Galletas - 00528135669557 \u2013 Eva Whatsapp - Buy weed in Chiapas - Envios 48 horas desde Monterrey -","description":"Buy weed from San Diego everywhere in the usa www.sandiegocream.com san diego anonymous weed shop bitcoin","robots":{"index":"index","follow":"follow","max-snippet":"max-snippet:-1","max-image-preview":"max-image-preview:large","max-video-preview":"max-video-preview:-1"},"canonical":"https:\/\/chiapas420.com\/index.php\/73-2buy-weed-from-san-diego-everywhere-in-the-usa-www-sandiegocream-com-san-diego-anonymous-weed-shop-bitcoin\/","og_locale":"es_ES","og_type":"article","og_title":"USA Service \u2013 USPS mail deliverys all over the US (New) - Comprar Mota Marihuana Chiapas Tuxtla Gutierrez - 420 Chiapas - Edibles, Brownies, Galletas - 00528135669557 \u2013 Eva Whatsapp - Buy weed in Chiapas - Envios 48 horas desde Monterrey -","og_description":"Buy weed from San Diego everywhere in the usa www.sandiegocream.com san diego anonymous weed shop bitcoin","og_url":"https:\/\/chiapas420.com\/index.php\/73-2buy-weed-from-san-diego-everywhere-in-the-usa-www-sandiegocream-com-san-diego-anonymous-weed-shop-bitcoin\/","og_site_name":"Comprar Mota Marihuana Chiapas Tuxtla Gutierrez - 420 Chiapas - Edibles, Brownies, Galletas - 00528135669557 \u2013 Eva Whatsapp - Buy weed in Chiapas - Envios 48 horas desde Monterrey -","article_modified_time":"2024-11-23T23:13:19+00:00","og_image":[{"url":"https:\/\/sandiegocream.com\/wp-content\/uploads\/2024\/08\/cropped-cropped-cropped-Screen-Shot-2022-04-20-at-14.51.29-1-1-300x300.png","type":"","width":"","height":""}],"twitter_card":"summary_large_image","twitter_misc":{"Tiempo de lectura":"1 minuto"},"schema":{"@context":"https:\/\/schema.org","@graph":[{"@type":"WebPage","@id":"https:\/\/chiapas420.com\/index.php\/73-2buy-weed-from-san-diego-everywhere-in-the-usa-www-sandiegocream-com-san-diego-anonymous-weed-shop-bitcoin\/","url":"https:\/\/chiapas420.com\/index.php\/73-2buy-weed-from-san-diego-everywhere-in-the-usa-www-sandiegocream-com-san-diego-anonymous-weed-shop-bitcoin\/","name":"USA Service \u2013 USPS mail deliverys all over the US (New) - Comprar Mota Marihuana Chiapas Tuxtla Gutierrez - 420 Chiapas - Edibles, Brownies, Galletas - 00528135669557 \u2013 Eva Whatsapp - Buy weed in Chiapas - Envios 48 horas desde Monterrey -","isPartOf":{"@id":"https:\/\/chiapas420.com\/#website"},"primaryImageOfPage":{"@id":"https:\/\/chiapas420.com\/index.php\/73-2buy-weed-from-san-diego-everywhere-in-the-usa-www-sandiegocream-com-san-diego-anonymous-weed-shop-bitcoin\/#primaryimage"},"image":{"@id":"https:\/\/chiapas420.com\/index.php\/73-2buy-weed-from-san-diego-everywhere-in-the-usa-www-sandiegocream-com-san-diego-anonymous-weed-shop-bitcoin\/#primaryimage"},"thumbnailUrl":"https:\/\/sandiegocream.com\/wp-content\/uploads\/2024\/08\/cropped-cropped-cropped-Screen-Shot-2022-04-20-at-14.51.29-1-1-300x300.png","datePublished":"2024-11-23T23:12:05+00:00","dateModified":"2024-11-23T23:13:19+00:00","description":"Buy weed from San Diego everywhere in the usa www.sandiegocream.com san diego anonymous weed shop bitcoin","breadcrumb":{"@id":"https:\/\/chiapas420.com\/index.php\/73-2buy-weed-from-san-diego-everywhere-in-the-usa-www-sandiegocream-com-san-diego-anonymous-weed-shop-bitcoin\/#breadcrumb"},"inLanguage":"es","potentialAction":[{"@type":"ReadAction","target":["https:\/\/chiapas420.com\/index.php\/73-2buy-weed-from-san-diego-everywhere-in-the-usa-www-sandiegocream-com-san-diego-anonymous-weed-shop-bitcoin\/"]}]},{"@type":"ImageObject","inLanguage":"es","@id":"https:\/\/chiapas420.com\/index.php\/73-2buy-weed-from-san-diego-everywhere-in-the-usa-www-sandiegocream-com-san-diego-anonymous-weed-shop-bitcoin\/#primaryimage","url":"https:\/\/sandiegocream.com\/wp-content\/uploads\/2024\/08\/cropped-cropped-cropped-Screen-Shot-2022-04-20-at-14.51.29-1-1-300x300.png","contentUrl":"https:\/\/sandiegocream.com\/wp-content\/uploads\/2024\/08\/cropped-cropped-cropped-Screen-Shot-2022-04-20-at-14.51.29-1-1-300x300.png"},{"@type":"BreadcrumbList","@id":"https:\/\/chiapas420.com\/index.php\/73-2buy-weed-from-san-diego-everywhere-in-the-usa-www-sandiegocream-com-san-diego-anonymous-weed-shop-bitcoin\/#breadcrumb","itemListElement":[{"@type":"ListItem","position":1,"name":"Portada","item":"https:\/\/chiapas420.com\/"},{"@type":"ListItem","position":2,"name":"USA Service \u2013 USPS mail deliverys all over the US (New)"}]},{"@type":"WebSite","@id":"https:\/\/chiapas420.com\/#website","url":"https:\/\/chiapas420.com\/","name":"Comprar Mota Marihuana Chiapas Tuxtla Gutierrez - 420 Chiapas - Edibles, Brownies, Galletas - 00528135669557 \u2013 Eva Whatsapp","description":"cannabis, mota, Chiapas, compra, legalidad, dispensarios, calidad, variedades, precio, cultivo, medicinal, recreativo, THC, CBD, usuarios, proveedores, entrega, normativa, consumo, informaci\u00f3n, comunidad, productos, accesorios, semillas, transformaci\u00f3n, cultura, bienestar, salud, productos org\u00e1nicos, responsabilidad, gu\u00eda, t\u00e9cnicas, beneficios, efectos, seguridad, legal, pol\u00edtica, informaci\u00f3n, locales, recomendaciones, formas de consumo, atenci\u00f3n al cliente, ambiente, experiencias, conexi\u00f3n, microdosis, concentrados, extractos, aceites, comestibles, vaporizadores, industria, mercado, sostenibilidad, investigaci\u00f3n, educaci\u00f3n, eventos, ferias, talleres, networking, negocios, emprendimiento, clientes, consumidores, testimonios, diversidad, opciones, demanda, supply, conexi\u00f3n social, reducci\u00f3n de da\u00f1os, estigmas, costumbres, tradici\u00f3n, auto-cultivo, precios, comercio, competitividad, comunidad cann\u00e1bica, iniciativas, propuestas, activismo, derechos, consumo responsable, regulaci\u00f3n, importaci\u00f3n, exportaci\u00f3n, oportunidades, tendencias, desarrollo.","publisher":{"@id":"https:\/\/chiapas420.com\/#organization"},"potentialAction":[{"@type":"SearchAction","target":{"@type":"EntryPoint","urlTemplate":"https:\/\/chiapas420.com\/?s={search_term_string}"},"query-input":{"@type":"PropertyValueSpecification","valueRequired":true,"valueName":"search_term_string"}}],"inLanguage":"es"},{"@type":"Organization","@id":"https:\/\/chiapas420.com\/#organization","name":"Comprar Mota Marihuana Chiapas Tuxtla Gutierrez - 420 Chiapas - Edibles, Brownies, Galletas - 00528135669557 \u2013 Eva Whatsapp","url":"https:\/\/chiapas420.com\/","logo":{"@type":"ImageObject","inLanguage":"es","@id":"https:\/\/chiapas420.com\/#\/schema\/logo\/image\/","url":"https:\/\/chiapas420.com\/wp-content\/uploads\/2024\/10\/chiapas1.jpg","contentUrl":"https:\/\/chiapas420.com\/wp-content\/uploads\/2024\/10\/chiapas1.jpg","width":276,"height":183,"caption":"Comprar Mota Marihuana Chiapas Tuxtla Gutierrez - 420 Chiapas - Edibles, Brownies, Galletas - 00528135669557 \u2013 Eva Whatsapp"},"image":{"@id":"https:\/\/chiapas420.com\/#\/schema\/logo\/image\/"}}]}},"_links":{"self":[{"href":"https:\/\/chiapas420.com\/index.php\/wp-json\/wp\/v2\/pages\/73","targetHints":{"allow":["GET"]}}],"collection":[{"href":"https:\/\/chiapas420.com\/index.php\/wp-json\/wp\/v2\/pages"}],"about":[{"href":"https:\/\/chiapas420.com\/index.php\/wp-json\/wp\/v2\/types\/page"}],"author":[{"embeddable":true,"href":"https:\/\/chiapas420.com\/index.php\/wp-json\/wp\/v2\/users\/1"}],"replies":[{"embeddable":true,"href":"https:\/\/chiapas420.com\/index.php\/wp-json\/wp\/v2\/comments?post=73"}],"version-history":[{"count":2,"href":"https:\/\/chiapas420.com\/index.php\/wp-json\/wp\/v2\/pages\/73\/revisions"}],"predecessor-version":[{"id":76,"href":"https:\/\/chiapas420.com\/index.php\/wp-json\/wp\/v2\/pages\/73\/revisions\/76"}],"wp:attachment":[{"href":"https:\/\/chiapas420.com\/index.php\/wp-json\/wp\/v2\/media?parent=73"}],"curies":[{"name":"wp","href":"https:\/\/api.w.org\/{rel}","templated":true}]}}