{"id":8,"date":"2024-10-15T17:51:30","date_gmt":"2024-10-15T17:51:30","guid":{"rendered":"https:\/\/chiapas420.com\/?page_id=8"},"modified":"2024-10-15T17:51:30","modified_gmt":"2024-10-15T17:51:30","slug":"envios-nacionales","status":"publish","type":"page","link":"https:\/\/chiapas420.com\/index.php\/envios-nacionales\/","title":{"rendered":"Envios Nacionales"},"content":{"rendered":"<p>\ud83c\udf1f \u00a1Envios Nacionales en 420Monterrey! \ud83c\udf1f<\/p>\n<p>\u00bfEst\u00e1s buscando lo mejor en productos relacionados con el cannabis? En www.420monterrey.com tenemos todo lo que necesitas y ahora, \u00a1con env\u00edos nacionales para que disfrutes de nuestros productos sin importar d\u00f3nde te encuentres en M\u00e9xico!<\/p>\n<p>\ud83d\ude9a **\u00bfC\u00f3mo funciona?**<br \/>\n1. **Explora nuestro cat\u00e1logo**: Encuentra todo, desde semillas hasta accesorios.<br \/>\n2. **Realiza tu pedido**: A\u00f1ade tus productos favoritos al carrito y completa la compra.<br \/>\n3. **Recibe en la puerta de tu casa**: Hacemos env\u00edos seguros y discretos para tu tranquilidad.<\/p>\n<p>\u2728 **\u00bfPor qu\u00e9 elegirnos?**<br \/>\n\u2013 **Calidad garantizada**: Trabajamos con los mejores proveedores.<br \/>\n\u2013 **Env\u00edo r\u00e1pido**: Nos aseguramos de que tu pedido llegue lo m\u00e1s pronto posible.<br \/>\n\u2013 **Atenci\u00f3n al cliente**: Nuestro equipo est\u00e1 listo para resolver cualquier duda.<\/p>\n<p>\u00a1No esperes m\u00e1s! Vis\u00edtanos en www.420monterrey.com y descubre todo lo que tenemos para ofrecerte. \ud83c\udf3f<\/p>\n<p>#420Monterrey #EnviosNacionales #CannabisCommunity #Calidad y Servicio<\/p>\n","protected":false},"excerpt":{"rendered":"<p>\ud83c\udf1f \u00a1Envios Nacionales en 420Monterrey! \ud83c\udf1f \u00bfEst\u00e1s buscando lo mejor en productos relacionados con el cannabis? En www.420monterrey.com tenemos todo lo que necesitas y ahora, \u00a1con env\u00edos nacionales para que disfrutes de nuestros productos sin importar d\u00f3nde te encuentres en M\u00e9xico! \ud83d\ude9a **\u00bfC\u00f3mo funciona?** 1. **Explora nuestro cat\u00e1logo**: Encuentra todo, desde semillas hasta accesorios. 2. [&hellip;]<\/p>\n","protected":false},"author":1,"featured_media":0,"parent":0,"menu_order":0,"comment_status":"closed","ping_status":"closed","template":"","meta":{"footnotes":""},"class_list":["post-8","page","type-page","status-publish","hentry"],"yoast_head":"<!-- This site is optimized with the Yoast SEO plugin v27.5 - https:\/\/yoast.com\/product\/yoast-seo-wordpress\/ -->\n<title>Envios Nacionales - Comprar Mota Marihuana Chiapas Tuxtla Gutierrez - 420 Chiapas - Edibles, Brownies, Galletas - 00528135669557 \u2013 Eva Whatsapp - Buy weed in Chiapas - Envios 48 horas desde Monterrey -<\/title>\n<meta name=\"robots\" content=\"index, follow, max-snippet:-1, max-image-preview:large, max-video-preview:-1\" \/>\n<link rel=\"canonical\" href=\"https:\/\/chiapas420.com\/index.php\/envios-nacionales\/\" \/>\n<meta property=\"og:locale\" content=\"es_ES\" \/>\n<meta property=\"og:type\" content=\"article\" \/>\n<meta property=\"og:title\" content=\"Envios Nacionales - Comprar Mota Marihuana Chiapas Tuxtla Gutierrez - 420 Chiapas - Edibles, Brownies, Galletas - 00528135669557 \u2013 Eva Whatsapp - Buy weed in Chiapas - Envios 48 horas desde Monterrey -\" \/>\n<meta property=\"og:description\" content=\"\ud83c\udf1f \u00a1Envios Nacionales en 420Monterrey! \ud83c\udf1f \u00bfEst\u00e1s buscando lo mejor en productos relacionados con el cannabis? En www.420monterrey.com tenemos todo lo que necesitas y ahora, \u00a1con env\u00edos nacionales para que disfrutes de nuestros productos sin importar d\u00f3nde te encuentres en M\u00e9xico! \ud83d\ude9a **\u00bfC\u00f3mo funciona?** 1. **Explora nuestro cat\u00e1logo**: Encuentra todo, desde semillas hasta accesorios. 2. [&hellip;]\" \/>\n<meta property=\"og:url\" content=\"https:\/\/chiapas420.com\/index.php\/envios-nacionales\/\" \/>\n<meta property=\"og:site_name\" content=\"Comprar Mota Marihuana Chiapas Tuxtla Gutierrez - 420 Chiapas - Edibles, Brownies, Galletas - 00528135669557 \u2013 Eva Whatsapp - Buy weed in Chiapas - Envios 48 horas desde Monterrey -\" \/>\n<meta name=\"twitter:card\" content=\"summary_large_image\" \/>\n<meta name=\"twitter:label1\" content=\"Tiempo de lectura\" \/>\n\t<meta name=\"twitter:data1\" content=\"1 minuto\" \/>\n<script type=\"application\/ld+json\" class=\"yoast-schema-graph\">{\"@context\":\"https:\\\/\\\/schema.org\",\"@graph\":[{\"@type\":\"WebPage\",\"@id\":\"https:\\\/\\\/chiapas420.com\\\/index.php\\\/envios-nacionales\\\/\",\"url\":\"https:\\\/\\\/chiapas420.com\\\/index.php\\\/envios-nacionales\\\/\",\"name\":\"Envios Nacionales - Comprar Mota Marihuana Chiapas Tuxtla Gutierrez - 420 Chiapas - Edibles, Brownies, Galletas - 00528135669557 \u2013 Eva Whatsapp - Buy weed in Chiapas - Envios 48 horas desde Monterrey -\",\"isPartOf\":{\"@id\":\"https:\\\/\\\/chiapas420.com\\\/#website\"},\"datePublished\":\"2024-10-15T17:51:30+00:00\",\"breadcrumb\":{\"@id\":\"https:\\\/\\\/chiapas420.com\\\/index.php\\\/envios-nacionales\\\/#breadcrumb\"},\"inLanguage\":\"es\",\"potentialAction\":[{\"@type\":\"ReadAction\",\"target\":[\"https:\\\/\\\/chiapas420.com\\\/index.php\\\/envios-nacionales\\\/\"]}]},{\"@type\":\"BreadcrumbList\",\"@id\":\"https:\\\/\\\/chiapas420.com\\\/index.php\\\/envios-nacionales\\\/#breadcrumb\",\"itemListElement\":[{\"@type\":\"ListItem\",\"position\":1,\"name\":\"Portada\",\"item\":\"https:\\\/\\\/chiapas420.com\\\/\"},{\"@type\":\"ListItem\",\"position\":2,\"name\":\"Envios Nacionales\"}]},{\"@type\":\"WebSite\",\"@id\":\"https:\\\/\\\/chiapas420.com\\\/#website\",\"url\":\"https:\\\/\\\/chiapas420.com\\\/\",\"name\":\"Comprar Mota Marihuana Chiapas Tuxtla Gutierrez - 420 Chiapas - Edibles, Brownies, Galletas - 00528135669557 \u2013 Eva Whatsapp\",\"description\":\"cannabis, mota, Chiapas, compra, legalidad, dispensarios, calidad, variedades, precio, cultivo, medicinal, recreativo, THC, CBD, usuarios, proveedores, entrega, normativa, consumo, informaci\u00f3n, comunidad, productos, accesorios, semillas, transformaci\u00f3n, cultura, bienestar, salud, productos org\u00e1nicos, responsabilidad, gu\u00eda, t\u00e9cnicas, beneficios, efectos, seguridad, legal, pol\u00edtica, informaci\u00f3n, locales, recomendaciones, formas de consumo, atenci\u00f3n al cliente, ambiente, experiencias, conexi\u00f3n, microdosis, concentrados, extractos, aceites, comestibles, vaporizadores, industria, mercado, sostenibilidad, investigaci\u00f3n, educaci\u00f3n, eventos, ferias, talleres, networking, negocios, emprendimiento, clientes, consumidores, testimonios, diversidad, opciones, demanda, supply, conexi\u00f3n social, reducci\u00f3n de da\u00f1os, estigmas, costumbres, tradici\u00f3n, auto-cultivo, precios, comercio, competitividad, comunidad cann\u00e1bica, iniciativas, propuestas, activismo, derechos, consumo responsable, regulaci\u00f3n, importaci\u00f3n, exportaci\u00f3n, oportunidades, tendencias, desarrollo.\",\"publisher\":{\"@id\":\"https:\\\/\\\/chiapas420.com\\\/#organization\"},\"potentialAction\":[{\"@type\":\"SearchAction\",\"target\":{\"@type\":\"EntryPoint\",\"urlTemplate\":\"https:\\\/\\\/chiapas420.com\\\/?s={search_term_string}\"},\"query-input\":{\"@type\":\"PropertyValueSpecification\",\"valueRequired\":true,\"valueName\":\"search_term_string\"}}],\"inLanguage\":\"es\"},{\"@type\":\"Organization\",\"@id\":\"https:\\\/\\\/chiapas420.com\\\/#organization\",\"name\":\"Comprar Mota Marihuana Chiapas Tuxtla Gutierrez - 420 Chiapas - Edibles, Brownies, Galletas - 00528135669557 \u2013 Eva Whatsapp\",\"url\":\"https:\\\/\\\/chiapas420.com\\\/\",\"logo\":{\"@type\":\"ImageObject\",\"inLanguage\":\"es\",\"@id\":\"https:\\\/\\\/chiapas420.com\\\/#\\\/schema\\\/logo\\\/image\\\/\",\"url\":\"https:\\\/\\\/chiapas420.com\\\/wp-content\\\/uploads\\\/2024\\\/10\\\/chiapas1.jpg\",\"contentUrl\":\"https:\\\/\\\/chiapas420.com\\\/wp-content\\\/uploads\\\/2024\\\/10\\\/chiapas1.jpg\",\"width\":276,\"height\":183,\"caption\":\"Comprar Mota Marihuana Chiapas Tuxtla Gutierrez - 420 Chiapas - Edibles, Brownies, Galletas - 00528135669557 \u2013 Eva Whatsapp\"},\"image\":{\"@id\":\"https:\\\/\\\/chiapas420.com\\\/#\\\/schema\\\/logo\\\/image\\\/\"}}]}<\/script>\n<!-- \/ Yoast SEO plugin. -->","yoast_head_json":{"title":"Envios Nacionales - Comprar Mota Marihuana Chiapas Tuxtla Gutierrez - 420 Chiapas - Edibles, Brownies, Galletas - 00528135669557 \u2013 Eva Whatsapp - Buy weed in Chiapas - Envios 48 horas desde Monterrey -","robots":{"index":"index","follow":"follow","max-snippet":"max-snippet:-1","max-image-preview":"max-image-preview:large","max-video-preview":"max-video-preview:-1"},"canonical":"https:\/\/chiapas420.com\/index.php\/envios-nacionales\/","og_locale":"es_ES","og_type":"article","og_title":"Envios Nacionales - Comprar Mota Marihuana Chiapas Tuxtla Gutierrez - 420 Chiapas - Edibles, Brownies, Galletas - 00528135669557 \u2013 Eva Whatsapp - Buy weed in Chiapas - Envios 48 horas desde Monterrey -","og_description":"\ud83c\udf1f \u00a1Envios Nacionales en 420Monterrey! \ud83c\udf1f \u00bfEst\u00e1s buscando lo mejor en productos relacionados con el cannabis? En www.420monterrey.com tenemos todo lo que necesitas y ahora, \u00a1con env\u00edos nacionales para que disfrutes de nuestros productos sin importar d\u00f3nde te encuentres en M\u00e9xico! \ud83d\ude9a **\u00bfC\u00f3mo funciona?** 1. **Explora nuestro cat\u00e1logo**: Encuentra todo, desde semillas hasta accesorios. 2. [&hellip;]","og_url":"https:\/\/chiapas420.com\/index.php\/envios-nacionales\/","og_site_name":"Comprar Mota Marihuana Chiapas Tuxtla Gutierrez - 420 Chiapas - Edibles, Brownies, Galletas - 00528135669557 \u2013 Eva Whatsapp - Buy weed in Chiapas - Envios 48 horas desde Monterrey -","twitter_card":"summary_large_image","twitter_misc":{"Tiempo de lectura":"1 minuto"},"schema":{"@context":"https:\/\/schema.org","@graph":[{"@type":"WebPage","@id":"https:\/\/chiapas420.com\/index.php\/envios-nacionales\/","url":"https:\/\/chiapas420.com\/index.php\/envios-nacionales\/","name":"Envios Nacionales - Comprar Mota Marihuana Chiapas Tuxtla Gutierrez - 420 Chiapas - Edibles, Brownies, Galletas - 00528135669557 \u2013 Eva Whatsapp - Buy weed in Chiapas - Envios 48 horas desde Monterrey -","isPartOf":{"@id":"https:\/\/chiapas420.com\/#website"},"datePublished":"2024-10-15T17:51:30+00:00","breadcrumb":{"@id":"https:\/\/chiapas420.com\/index.php\/envios-nacionales\/#breadcrumb"},"inLanguage":"es","potentialAction":[{"@type":"ReadAction","target":["https:\/\/chiapas420.com\/index.php\/envios-nacionales\/"]}]},{"@type":"BreadcrumbList","@id":"https:\/\/chiapas420.com\/index.php\/envios-nacionales\/#breadcrumb","itemListElement":[{"@type":"ListItem","position":1,"name":"Portada","item":"https:\/\/chiapas420.com\/"},{"@type":"ListItem","position":2,"name":"Envios Nacionales"}]},{"@type":"WebSite","@id":"https:\/\/chiapas420.com\/#website","url":"https:\/\/chiapas420.com\/","name":"Comprar Mota Marihuana Chiapas Tuxtla Gutierrez - 420 Chiapas - Edibles, Brownies, Galletas - 00528135669557 \u2013 Eva Whatsapp","description":"cannabis, mota, Chiapas, compra, legalidad, dispensarios, calidad, variedades, precio, cultivo, medicinal, recreativo, THC, CBD, usuarios, proveedores, entrega, normativa, consumo, informaci\u00f3n, comunidad, productos, accesorios, semillas, transformaci\u00f3n, cultura, bienestar, salud, productos org\u00e1nicos, responsabilidad, gu\u00eda, t\u00e9cnicas, beneficios, efectos, seguridad, legal, pol\u00edtica, informaci\u00f3n, locales, recomendaciones, formas de consumo, atenci\u00f3n al cliente, ambiente, experiencias, conexi\u00f3n, microdosis, concentrados, extractos, aceites, comestibles, vaporizadores, industria, mercado, sostenibilidad, investigaci\u00f3n, educaci\u00f3n, eventos, ferias, talleres, networking, negocios, emprendimiento, clientes, consumidores, testimonios, diversidad, opciones, demanda, supply, conexi\u00f3n social, reducci\u00f3n de da\u00f1os, estigmas, costumbres, tradici\u00f3n, auto-cultivo, precios, comercio, competitividad, comunidad cann\u00e1bica, iniciativas, propuestas, activismo, derechos, consumo responsable, regulaci\u00f3n, importaci\u00f3n, exportaci\u00f3n, oportunidades, tendencias, desarrollo.","publisher":{"@id":"https:\/\/chiapas420.com\/#organization"},"potentialAction":[{"@type":"SearchAction","target":{"@type":"EntryPoint","urlTemplate":"https:\/\/chiapas420.com\/?s={search_term_string}"},"query-input":{"@type":"PropertyValueSpecification","valueRequired":true,"valueName":"search_term_string"}}],"inLanguage":"es"},{"@type":"Organization","@id":"https:\/\/chiapas420.com\/#organization","name":"Comprar Mota Marihuana Chiapas Tuxtla Gutierrez - 420 Chiapas - Edibles, Brownies, Galletas - 00528135669557 \u2013 Eva Whatsapp","url":"https:\/\/chiapas420.com\/","logo":{"@type":"ImageObject","inLanguage":"es","@id":"https:\/\/chiapas420.com\/#\/schema\/logo\/image\/","url":"https:\/\/chiapas420.com\/wp-content\/uploads\/2024\/10\/chiapas1.jpg","contentUrl":"https:\/\/chiapas420.com\/wp-content\/uploads\/2024\/10\/chiapas1.jpg","width":276,"height":183,"caption":"Comprar Mota Marihuana Chiapas Tuxtla Gutierrez - 420 Chiapas - Edibles, Brownies, Galletas - 00528135669557 \u2013 Eva Whatsapp"},"image":{"@id":"https:\/\/chiapas420.com\/#\/schema\/logo\/image\/"}}]}},"_links":{"self":[{"href":"https:\/\/chiapas420.com\/index.php\/wp-json\/wp\/v2\/pages\/8","targetHints":{"allow":["GET"]}}],"collection":[{"href":"https:\/\/chiapas420.com\/index.php\/wp-json\/wp\/v2\/pages"}],"about":[{"href":"https:\/\/chiapas420.com\/index.php\/wp-json\/wp\/v2\/types\/page"}],"author":[{"embeddable":true,"href":"https:\/\/chiapas420.com\/index.php\/wp-json\/wp\/v2\/users\/1"}],"replies":[{"embeddable":true,"href":"https:\/\/chiapas420.com\/index.php\/wp-json\/wp\/v2\/comments?post=8"}],"version-history":[{"count":1,"href":"https:\/\/chiapas420.com\/index.php\/wp-json\/wp\/v2\/pages\/8\/revisions"}],"predecessor-version":[{"id":9,"href":"https:\/\/chiapas420.com\/index.php\/wp-json\/wp\/v2\/pages\/8\/revisions\/9"}],"wp:attachment":[{"href":"https:\/\/chiapas420.com\/index.php\/wp-json\/wp\/v2\/media?parent=8"}],"curies":[{"name":"wp","href":"https:\/\/api.w.org\/{rel}","templated":true}]}}