{"id":88,"date":"2024-11-23T23:24:54","date_gmt":"2024-11-23T23:24:54","guid":{"rendered":"https:\/\/chiapas420.com\/?page_id=88"},"modified":"2024-11-23T23:24:54","modified_gmt":"2024-11-23T23:24:54","slug":"visit-www-comprarmarihuanamadrid-com-www-hachisbueno-com-for-more-information","status":"publish","type":"page","link":"https:\/\/chiapas420.com\/index.php\/visit-www-comprarmarihuanamadrid-com-www-hachisbueno-com-for-more-information\/","title":{"rendered":"Servicio en Espa\u00f1a Europa \u2013 Spain Spain service"},"content":{"rendered":"<p>es:<\/p>\n<p>visita www.comprarmarihuanamadrid.com &amp; www.hachisbueno.com para mas informacion<\/p>\n<p>Servicio de entregas en madrid ,y envios a toda europa<\/p>\n<p>&nbsp;<\/p>\n<p>en:<\/p>\n<p>visit www.comprarmarihuanamadrid.com &amp; www.hachisbueno.com for more information<\/p>\n<p>Deliverys from Madrid, spain across Europe<\/p>\n","protected":false},"excerpt":{"rendered":"<p>es: visita www.comprarmarihuanamadrid.com &amp; www.hachisbueno.com para mas informacion Servicio de entregas en madrid ,y envios a toda europa &nbsp; en: visit www.comprarmarihuanamadrid.com &amp; www.hachisbueno.com for more information Deliverys from Madrid, spain across Europe<\/p>\n","protected":false},"author":1,"featured_media":0,"parent":0,"menu_order":0,"comment_status":"closed","ping_status":"closed","template":"","meta":{"footnotes":""},"class_list":["post-88","page","type-page","status-publish","hentry"],"yoast_head":"<!-- This site is optimized with the Yoast SEO plugin v27.5 - https:\/\/yoast.com\/product\/yoast-seo-wordpress\/ -->\n<title>Servicio en Espa\u00f1a Europa \u2013 Spain Spain service - Comprar Mota Marihuana Chiapas Tuxtla Gutierrez - 420 Chiapas - Edibles, Brownies, Galletas - 00528135669557 \u2013 Eva Whatsapp - Buy weed in Chiapas - Envios 48 horas desde Monterrey -<\/title>\n<meta name=\"description\" content=\"visit www.comprarmarihuanamadrid.com &amp; www.hachisbueno.com for more information, buy weed in spain, buy weed in france\" \/>\n<meta name=\"robots\" content=\"index, follow, max-snippet:-1, max-image-preview:large, max-video-preview:-1\" \/>\n<link rel=\"canonical\" href=\"https:\/\/chiapas420.com\/index.php\/visit-www-comprarmarihuanamadrid-com-www-hachisbueno-com-for-more-information\/\" \/>\n<meta property=\"og:locale\" content=\"es_ES\" \/>\n<meta property=\"og:type\" content=\"article\" \/>\n<meta property=\"og:title\" content=\"Servicio en Espa\u00f1a Europa \u2013 Spain Spain service - Comprar Mota Marihuana Chiapas Tuxtla Gutierrez - 420 Chiapas - Edibles, Brownies, Galletas - 00528135669557 \u2013 Eva Whatsapp - Buy weed in Chiapas - Envios 48 horas desde Monterrey -\" \/>\n<meta property=\"og:description\" content=\"visit www.comprarmarihuanamadrid.com &amp; www.hachisbueno.com for more information, buy weed in spain, buy weed in france\" \/>\n<meta property=\"og:url\" content=\"https:\/\/chiapas420.com\/index.php\/visit-www-comprarmarihuanamadrid-com-www-hachisbueno-com-for-more-information\/\" \/>\n<meta property=\"og:site_name\" content=\"Comprar Mota Marihuana Chiapas Tuxtla Gutierrez - 420 Chiapas - Edibles, Brownies, Galletas - 00528135669557 \u2013 Eva Whatsapp - Buy weed in Chiapas - Envios 48 horas desde Monterrey -\" \/>\n<meta name=\"twitter:card\" content=\"summary_large_image\" \/>\n<meta name=\"twitter:label1\" content=\"Tiempo de lectura\" \/>\n\t<meta name=\"twitter:data1\" content=\"1 minuto\" \/>\n<script type=\"application\/ld+json\" class=\"yoast-schema-graph\">{\"@context\":\"https:\\\/\\\/schema.org\",\"@graph\":[{\"@type\":\"WebPage\",\"@id\":\"https:\\\/\\\/chiapas420.com\\\/index.php\\\/visit-www-comprarmarihuanamadrid-com-www-hachisbueno-com-for-more-information\\\/\",\"url\":\"https:\\\/\\\/chiapas420.com\\\/index.php\\\/visit-www-comprarmarihuanamadrid-com-www-hachisbueno-com-for-more-information\\\/\",\"name\":\"Servicio en Espa\u00f1a Europa \u2013 Spain Spain service - Comprar Mota Marihuana Chiapas Tuxtla Gutierrez - 420 Chiapas - Edibles, Brownies, Galletas - 00528135669557 \u2013 Eva Whatsapp - Buy weed in Chiapas - Envios 48 horas desde Monterrey -\",\"isPartOf\":{\"@id\":\"https:\\\/\\\/chiapas420.com\\\/#website\"},\"datePublished\":\"2024-11-23T23:24:54+00:00\",\"description\":\"visit www.comprarmarihuanamadrid.com & www.hachisbueno.com for more information, buy weed in spain, buy weed in france\",\"breadcrumb\":{\"@id\":\"https:\\\/\\\/chiapas420.com\\\/index.php\\\/visit-www-comprarmarihuanamadrid-com-www-hachisbueno-com-for-more-information\\\/#breadcrumb\"},\"inLanguage\":\"es\",\"potentialAction\":[{\"@type\":\"ReadAction\",\"target\":[\"https:\\\/\\\/chiapas420.com\\\/index.php\\\/visit-www-comprarmarihuanamadrid-com-www-hachisbueno-com-for-more-information\\\/\"]}]},{\"@type\":\"BreadcrumbList\",\"@id\":\"https:\\\/\\\/chiapas420.com\\\/index.php\\\/visit-www-comprarmarihuanamadrid-com-www-hachisbueno-com-for-more-information\\\/#breadcrumb\",\"itemListElement\":[{\"@type\":\"ListItem\",\"position\":1,\"name\":\"Portada\",\"item\":\"https:\\\/\\\/chiapas420.com\\\/\"},{\"@type\":\"ListItem\",\"position\":2,\"name\":\"Servicio en Espa\u00f1a Europa \u2013 Spain Spain service\"}]},{\"@type\":\"WebSite\",\"@id\":\"https:\\\/\\\/chiapas420.com\\\/#website\",\"url\":\"https:\\\/\\\/chiapas420.com\\\/\",\"name\":\"Comprar Mota Marihuana Chiapas Tuxtla Gutierrez - 420 Chiapas - Edibles, Brownies, Galletas - 00528135669557 \u2013 Eva Whatsapp\",\"description\":\"cannabis, mota, Chiapas, compra, legalidad, dispensarios, calidad, variedades, precio, cultivo, medicinal, recreativo, THC, CBD, usuarios, proveedores, entrega, normativa, consumo, informaci\u00f3n, comunidad, productos, accesorios, semillas, transformaci\u00f3n, cultura, bienestar, salud, productos org\u00e1nicos, responsabilidad, gu\u00eda, t\u00e9cnicas, beneficios, efectos, seguridad, legal, pol\u00edtica, informaci\u00f3n, locales, recomendaciones, formas de consumo, atenci\u00f3n al cliente, ambiente, experiencias, conexi\u00f3n, microdosis, concentrados, extractos, aceites, comestibles, vaporizadores, industria, mercado, sostenibilidad, investigaci\u00f3n, educaci\u00f3n, eventos, ferias, talleres, networking, negocios, emprendimiento, clientes, consumidores, testimonios, diversidad, opciones, demanda, supply, conexi\u00f3n social, reducci\u00f3n de da\u00f1os, estigmas, costumbres, tradici\u00f3n, auto-cultivo, precios, comercio, competitividad, comunidad cann\u00e1bica, iniciativas, propuestas, activismo, derechos, consumo responsable, regulaci\u00f3n, importaci\u00f3n, exportaci\u00f3n, oportunidades, tendencias, desarrollo.\",\"publisher\":{\"@id\":\"https:\\\/\\\/chiapas420.com\\\/#organization\"},\"potentialAction\":[{\"@type\":\"SearchAction\",\"target\":{\"@type\":\"EntryPoint\",\"urlTemplate\":\"https:\\\/\\\/chiapas420.com\\\/?s={search_term_string}\"},\"query-input\":{\"@type\":\"PropertyValueSpecification\",\"valueRequired\":true,\"valueName\":\"search_term_string\"}}],\"inLanguage\":\"es\"},{\"@type\":\"Organization\",\"@id\":\"https:\\\/\\\/chiapas420.com\\\/#organization\",\"name\":\"Comprar Mota Marihuana Chiapas Tuxtla Gutierrez - 420 Chiapas - Edibles, Brownies, Galletas - 00528135669557 \u2013 Eva Whatsapp\",\"url\":\"https:\\\/\\\/chiapas420.com\\\/\",\"logo\":{\"@type\":\"ImageObject\",\"inLanguage\":\"es\",\"@id\":\"https:\\\/\\\/chiapas420.com\\\/#\\\/schema\\\/logo\\\/image\\\/\",\"url\":\"https:\\\/\\\/chiapas420.com\\\/wp-content\\\/uploads\\\/2024\\\/10\\\/chiapas1.jpg\",\"contentUrl\":\"https:\\\/\\\/chiapas420.com\\\/wp-content\\\/uploads\\\/2024\\\/10\\\/chiapas1.jpg\",\"width\":276,\"height\":183,\"caption\":\"Comprar Mota Marihuana Chiapas Tuxtla Gutierrez - 420 Chiapas - Edibles, Brownies, Galletas - 00528135669557 \u2013 Eva Whatsapp\"},\"image\":{\"@id\":\"https:\\\/\\\/chiapas420.com\\\/#\\\/schema\\\/logo\\\/image\\\/\"}}]}<\/script>\n<!-- \/ Yoast SEO plugin. -->","yoast_head_json":{"title":"Servicio en Espa\u00f1a Europa \u2013 Spain Spain service - Comprar Mota Marihuana Chiapas Tuxtla Gutierrez - 420 Chiapas - Edibles, Brownies, Galletas - 00528135669557 \u2013 Eva Whatsapp - Buy weed in Chiapas - Envios 48 horas desde Monterrey -","description":"visit www.comprarmarihuanamadrid.com & www.hachisbueno.com for more information, buy weed in spain, buy weed in france","robots":{"index":"index","follow":"follow","max-snippet":"max-snippet:-1","max-image-preview":"max-image-preview:large","max-video-preview":"max-video-preview:-1"},"canonical":"https:\/\/chiapas420.com\/index.php\/visit-www-comprarmarihuanamadrid-com-www-hachisbueno-com-for-more-information\/","og_locale":"es_ES","og_type":"article","og_title":"Servicio en Espa\u00f1a Europa \u2013 Spain Spain service - Comprar Mota Marihuana Chiapas Tuxtla Gutierrez - 420 Chiapas - Edibles, Brownies, Galletas - 00528135669557 \u2013 Eva Whatsapp - Buy weed in Chiapas - Envios 48 horas desde Monterrey -","og_description":"visit www.comprarmarihuanamadrid.com & www.hachisbueno.com for more information, buy weed in spain, buy weed in france","og_url":"https:\/\/chiapas420.com\/index.php\/visit-www-comprarmarihuanamadrid-com-www-hachisbueno-com-for-more-information\/","og_site_name":"Comprar Mota Marihuana Chiapas Tuxtla Gutierrez - 420 Chiapas - Edibles, Brownies, Galletas - 00528135669557 \u2013 Eva Whatsapp - Buy weed in Chiapas - Envios 48 horas desde Monterrey -","twitter_card":"summary_large_image","twitter_misc":{"Tiempo de lectura":"1 minuto"},"schema":{"@context":"https:\/\/schema.org","@graph":[{"@type":"WebPage","@id":"https:\/\/chiapas420.com\/index.php\/visit-www-comprarmarihuanamadrid-com-www-hachisbueno-com-for-more-information\/","url":"https:\/\/chiapas420.com\/index.php\/visit-www-comprarmarihuanamadrid-com-www-hachisbueno-com-for-more-information\/","name":"Servicio en Espa\u00f1a Europa \u2013 Spain Spain service - Comprar Mota Marihuana Chiapas Tuxtla Gutierrez - 420 Chiapas - Edibles, Brownies, Galletas - 00528135669557 \u2013 Eva Whatsapp - Buy weed in Chiapas - Envios 48 horas desde Monterrey -","isPartOf":{"@id":"https:\/\/chiapas420.com\/#website"},"datePublished":"2024-11-23T23:24:54+00:00","description":"visit www.comprarmarihuanamadrid.com & www.hachisbueno.com for more information, buy weed in spain, buy weed in france","breadcrumb":{"@id":"https:\/\/chiapas420.com\/index.php\/visit-www-comprarmarihuanamadrid-com-www-hachisbueno-com-for-more-information\/#breadcrumb"},"inLanguage":"es","potentialAction":[{"@type":"ReadAction","target":["https:\/\/chiapas420.com\/index.php\/visit-www-comprarmarihuanamadrid-com-www-hachisbueno-com-for-more-information\/"]}]},{"@type":"BreadcrumbList","@id":"https:\/\/chiapas420.com\/index.php\/visit-www-comprarmarihuanamadrid-com-www-hachisbueno-com-for-more-information\/#breadcrumb","itemListElement":[{"@type":"ListItem","position":1,"name":"Portada","item":"https:\/\/chiapas420.com\/"},{"@type":"ListItem","position":2,"name":"Servicio en Espa\u00f1a Europa \u2013 Spain Spain service"}]},{"@type":"WebSite","@id":"https:\/\/chiapas420.com\/#website","url":"https:\/\/chiapas420.com\/","name":"Comprar Mota Marihuana Chiapas Tuxtla Gutierrez - 420 Chiapas - Edibles, Brownies, Galletas - 00528135669557 \u2013 Eva Whatsapp","description":"cannabis, mota, Chiapas, compra, legalidad, dispensarios, calidad, variedades, precio, cultivo, medicinal, recreativo, THC, CBD, usuarios, proveedores, entrega, normativa, consumo, informaci\u00f3n, comunidad, productos, accesorios, semillas, transformaci\u00f3n, cultura, bienestar, salud, productos org\u00e1nicos, responsabilidad, gu\u00eda, t\u00e9cnicas, beneficios, efectos, seguridad, legal, pol\u00edtica, informaci\u00f3n, locales, recomendaciones, formas de consumo, atenci\u00f3n al cliente, ambiente, experiencias, conexi\u00f3n, microdosis, concentrados, extractos, aceites, comestibles, vaporizadores, industria, mercado, sostenibilidad, investigaci\u00f3n, educaci\u00f3n, eventos, ferias, talleres, networking, negocios, emprendimiento, clientes, consumidores, testimonios, diversidad, opciones, demanda, supply, conexi\u00f3n social, reducci\u00f3n de da\u00f1os, estigmas, costumbres, tradici\u00f3n, auto-cultivo, precios, comercio, competitividad, comunidad cann\u00e1bica, iniciativas, propuestas, activismo, derechos, consumo responsable, regulaci\u00f3n, importaci\u00f3n, exportaci\u00f3n, oportunidades, tendencias, desarrollo.","publisher":{"@id":"https:\/\/chiapas420.com\/#organization"},"potentialAction":[{"@type":"SearchAction","target":{"@type":"EntryPoint","urlTemplate":"https:\/\/chiapas420.com\/?s={search_term_string}"},"query-input":{"@type":"PropertyValueSpecification","valueRequired":true,"valueName":"search_term_string"}}],"inLanguage":"es"},{"@type":"Organization","@id":"https:\/\/chiapas420.com\/#organization","name":"Comprar Mota Marihuana Chiapas Tuxtla Gutierrez - 420 Chiapas - Edibles, Brownies, Galletas - 00528135669557 \u2013 Eva Whatsapp","url":"https:\/\/chiapas420.com\/","logo":{"@type":"ImageObject","inLanguage":"es","@id":"https:\/\/chiapas420.com\/#\/schema\/logo\/image\/","url":"https:\/\/chiapas420.com\/wp-content\/uploads\/2024\/10\/chiapas1.jpg","contentUrl":"https:\/\/chiapas420.com\/wp-content\/uploads\/2024\/10\/chiapas1.jpg","width":276,"height":183,"caption":"Comprar Mota Marihuana Chiapas Tuxtla Gutierrez - 420 Chiapas - Edibles, Brownies, Galletas - 00528135669557 \u2013 Eva Whatsapp"},"image":{"@id":"https:\/\/chiapas420.com\/#\/schema\/logo\/image\/"}}]}},"_links":{"self":[{"href":"https:\/\/chiapas420.com\/index.php\/wp-json\/wp\/v2\/pages\/88","targetHints":{"allow":["GET"]}}],"collection":[{"href":"https:\/\/chiapas420.com\/index.php\/wp-json\/wp\/v2\/pages"}],"about":[{"href":"https:\/\/chiapas420.com\/index.php\/wp-json\/wp\/v2\/types\/page"}],"author":[{"embeddable":true,"href":"https:\/\/chiapas420.com\/index.php\/wp-json\/wp\/v2\/users\/1"}],"replies":[{"embeddable":true,"href":"https:\/\/chiapas420.com\/index.php\/wp-json\/wp\/v2\/comments?post=88"}],"version-history":[{"count":1,"href":"https:\/\/chiapas420.com\/index.php\/wp-json\/wp\/v2\/pages\/88\/revisions"}],"predecessor-version":[{"id":89,"href":"https:\/\/chiapas420.com\/index.php\/wp-json\/wp\/v2\/pages\/88\/revisions\/89"}],"wp:attachment":[{"href":"https:\/\/chiapas420.com\/index.php\/wp-json\/wp\/v2\/media?parent=88"}],"curies":[{"name":"wp","href":"https:\/\/api.w.org\/{rel}","templated":true}]}}